{"id":5340,"date":"2022-07-18T12:38:32","date_gmt":"2022-07-18T16:38:32","guid":{"rendered":"https:\/\/elephantchocolat.vs-staging.com\/?page_id=5340"},"modified":"2023-01-31T13:29:04","modified_gmt":"2023-01-31T18:29:04","slug":"emploi","status":"publish","type":"page","link":"https:\/\/elephantchocolat.dreamhosters.com\/famille\/emploi\/","title":{"rendered":"EMPLOI"},"content":{"rendered":"<p><div class=\"fusion-fullwidth fullwidth-box fusion-builder-row-1 fusion-flex-container nonhundred-percent-fullwidth non-hundred-percent-height-scrolling\" style=\"background-color: rgba(255,255,255,0);background-position: center center;background-repeat: no-repeat;border-width: 0px 0px 0px 0px;border-color:#eae9e9;border-style:solid;\" ><div class=\"fusion-builder-row fusion-row fusion-flex-align-items-flex-start\" style=\"max-width:1216.8px;margin-left: calc(-4% \/ 2 );margin-right: calc(-4% \/ 2 );\"><div class=\"fusion-layout-column fusion_builder_column fusion-builder-column-0 fusion_builder_column_1_1 1_1 fusion-flex-column\"><div class=\"fusion-column-wrapper fusion-flex-justify-content-flex-start fusion-content-layout-column\" style=\"background-position:left top;background-repeat:no-repeat;-webkit-background-size:cover;-moz-background-size:cover;-o-background-size:cover;background-size:cover;padding: 0px 0px 0px 0px;\"><div class=\"fusion-separator fusion-no-medium-visibility fusion-no-large-visibility fusion-full-width-sep\" style=\"align-self: center;margin-left: auto;margin-right: auto;margin-top:-160px;width:100%;\"><div class=\"fusion-separator-border sep-double\" style=\"border-color:var(--awb-color2);border-top-width:0px;border-bottom-width:0px;\"><\/div><\/div><style type=\"text\/css\">@media only screen and (max-width:1024px) {.fusion-title.fusion-title-1{margin-top:0px!important; margin-right:!important;margin-bottom:30px!important;margin-left:!important;}}<\/style><div class=\"fusion-title title fusion-title-1 fusion-title-center fusion-title-text fusion-title-size-two\" style=\"font-size:30px;margin-top:0px;margin-bottom:30px;\"><div class=\"title-sep-container title-sep-container-left\"><div class=\"title-sep sep-\" style=\"border-color:var(--awb-color3);\"><\/div><\/div><span class=\"awb-title-spacer\"><\/span><h2 class=\"title-heading-center fusion-responsive-typography-calculated\" style=\"margin:0;font-size:1em;text-transform:capitalize;color:var(--awb-color4);--fontSize:30;line-height:var(--awb-typography1-line-height);\">TA CARRI\u00c8RE AU QU\u00c9BEC D\u00c9BUTE ICI !<\/h2><span class=\"awb-title-spacer\"><\/span><div class=\"title-sep-container title-sep-container-right\"><div class=\"title-sep sep-\" style=\"border-color:var(--awb-color3);\"><\/div><\/div><\/div><\/div><style type=\"text\/css\">.fusion-body .fusion-builder-column-0{width:100% !important;margin-top : 0px;margin-bottom : 20px;}.fusion-builder-column-0 > .fusion-column-wrapper {padding-top : 0px !important;padding-right : 0px !important;margin-right : 1.92%;padding-bottom : 0px !important;padding-left : 0px !important;margin-left : 1.92%;}@media only screen and (max-width:1024px) {.fusion-body .fusion-builder-column-0{width:100% !important;order : 0;}.fusion-builder-column-0 > .fusion-column-wrapper {margin-right : 1.92%;margin-left : 1.92%;}}@media only screen and (max-width:900px) {.fusion-body .fusion-builder-column-0{width:100% !important;order : 0;}.fusion-builder-column-0 > .fusion-column-wrapper {margin-right : 1.92%;margin-left : 1.92%;}}<\/style><\/div><\/div><style type=\"text\/css\">.fusion-body .fusion-flex-container.fusion-builder-row-1{ padding-top : 0px;margin-top : 0px;padding-right : 0px;padding-bottom : 0px;margin-bottom : 0px;padding-left : 0px;}<\/style><\/div><div class=\"fusion-fullwidth fullwidth-box fusion-builder-row-2 fusion-flex-container nonhundred-percent-fullwidth non-hundred-percent-height-scrolling\" style=\"background-color: rgba(255,255,255,0);background-position: center center;background-repeat: no-repeat;border-width: 0px 0px 0px 0px;border-color:#eae9e9;border-style:solid;\" ><div class=\"fusion-builder-row fusion-row fusion-flex-align-items-flex-start\" style=\"max-width:1216.8px;margin-left: calc(-4% \/ 2 );margin-right: calc(-4% \/ 2 );\"><div class=\"fusion-layout-column fusion_builder_column fusion-builder-column-1 fusion_builder_column_1_1 1_1 fusion-flex-column\"><div class=\"fusion-column-wrapper fusion-flex-justify-content-flex-start fusion-content-layout-column\" style=\"background-position:left top;background-repeat:no-repeat;-webkit-background-size:cover;-moz-background-size:cover;-o-background-size:cover;background-size:cover;padding: 0px 0px 0px 0px;\"><div class=\"fusion-text fusion-text-1\"><p style=\"text-align: center;\">Nos employ\u00e9es sont des missionnaires ! Elles sont le premier pilier de notre projet \u00e9ducatif. Leur bont\u00e9 et leur bienveillance s\u00e9curisent au quotidien les enfants que cela soit \u00e0 domicile ou en structure. Leur savoir-faire, leurs connaissances et leurs comp\u00e9tences sont autant de clefs qui m\u00e8nent l\u2019enfant \u00e0 la d\u00e9couverte du monde, des autres et de lui-m\u00eame.<\/p>\n<\/div><\/div><style type=\"text\/css\">.fusion-body .fusion-builder-column-1{width:100% !important;margin-top : 0px;margin-bottom : 20px;}.fusion-builder-column-1 > .fusion-column-wrapper {padding-top : 0px !important;padding-right : 0px !important;margin-right : 1.92%;padding-bottom : 0px !important;padding-left : 0px !important;margin-left : 1.92%;}@media only screen and (max-width:1024px) {.fusion-body .fusion-builder-column-1{width:100% !important;order : 0;}.fusion-builder-column-1 > .fusion-column-wrapper {margin-right : 1.92%;margin-left : 1.92%;}}@media only screen and (max-width:900px) {.fusion-body .fusion-builder-column-1{width:100% !important;order : 0;}.fusion-builder-column-1 > .fusion-column-wrapper {margin-right : 1.92%;margin-left : 1.92%;}}<\/style><\/div><\/div><style type=\"text\/css\">.fusion-body .fusion-flex-container.fusion-builder-row-2{ padding-top : 0px;margin-top : -20px;padding-right : 0px;padding-bottom : 0px;margin-bottom : 0px;padding-left : 0px;}<\/style><\/div><div class=\"fusion-fullwidth fullwidth-box fusion-builder-row-3 fusion-flex-container nonhundred-percent-fullwidth non-hundred-percent-height-scrolling\" style=\"background-color: rgba(255,255,255,0);background-position: center center;background-repeat: no-repeat;border-width: 0px 0px 0px 0px;border-color:#eae9e9;border-style:solid;\" ><div class=\"fusion-builder-row fusion-row fusion-flex-align-items-flex-start\" style=\"max-width:1216.8px;margin-left: calc(-4% \/ 2 );margin-right: calc(-4% \/ 2 );\"><div class=\"fusion-layout-column fusion_builder_column fusion-builder-column-2 fusion_builder_column_1_2 1_2 fusion-flex-column\"><div class=\"fusion-column-wrapper fusion-flex-justify-content-flex-start fusion-content-layout-column\" style=\"background-position:left top;background-repeat:no-repeat;-webkit-background-size:cover;-moz-background-size:cover;-o-background-size:cover;background-size:cover;background-color:var(--awb-color1);padding: 0px 0px 0px 0px;\"><div class=\"fusion-text fusion-text-2\" style=\"text-align:center;font-family:-apple-system, BlinkMacSystemFont, &#039;Segoe UI&#039;, Roboto, Oxygen-Sans, Ubuntu, Cantarell, &#039;Helvetica Neue&#039; ,sans-serif;font-weight:400;margin-top:20px;\"><p style=\"text-align: center;\">\u00a0 EMPLOI <strong>\u00c0 DOMICILE \u00a0<\/strong><\/p>\n<\/div><div style=\"text-align:center;\"><style>.fusion-body .fusion-button.button-1{border-radius:2px 2px 2px 2px;}<\/style><a class=\"fusion-button button-flat fusion-button-default-size button-default button-1 fusion-button-default-span fusion-button-default-type\" target=\"_self\" href=\"https:\/\/elephantchocolat.com\/famille\/emploi-a-domicile\/\" style=\"margin-right:20px;margin-bottom:30px;margin-left:20px;\"><span class=\"fusion-button-text\">En savoir plus<\/span><\/a><\/div><div style=\"text-align:center;\"><div style=\"display:inline-block; max-width:100%;width:400px;\"><style>.fusion-imageframe.imageframe-1 img{aspect-ratio:1 \/ 1;}<\/style><span class=\" fusion-imageframe imageframe-none imageframe-1 hover-type-zoomin has-aspect-ratio\"><a class=\"fusion-no-lightbox\" href=\"https:\/\/elephantchocolat.com\/famille\/emploi-a-domicile\/\" target=\"_self\" aria-label=\"elephant-chocolat-emploi-domicile\"><img decoding=\"async\" width=\"800\" height=\"800\" src=\"https:\/\/elephantchocolat.dreamhosters.com\/famille\/wp-content\/uploads\/2022\/11\/elephant-chocolat-emploi-domicile.jpg\" data-orig-src=\"https:\/\/elephantchocolat.dreamhosters.com\/famille\/wp-content\/uploads\/2022\/11\/elephant-chocolat-emploi-domicile.jpg\" class=\"lazyload img-responsive wp-image-5485 img-with-aspect-ratio\" alt srcset=\"data:image\/svg+xml,%3Csvg%20xmlns%3D%27http%3A%2F%2Fwww.w3.org%2F2000%2Fsvg%27%20width%3D%27800%27%20height%3D%27800%27%20viewBox%3D%270%200%20800%20800%27%3E%3Crect%20width%3D%27800%27%20height%3D%27800%27%20fill-opacity%3D%220%22%2F%3E%3C%2Fsvg%3E\" data-srcset=\"https:\/\/elephantchocolat.dreamhosters.com\/famille\/wp-content\/uploads\/2022\/11\/elephant-chocolat-emploi-domicile-200x200.jpg 200w, https:\/\/elephantchocolat.dreamhosters.com\/famille\/wp-content\/uploads\/2022\/11\/elephant-chocolat-emploi-domicile-400x400.jpg 400w, https:\/\/elephantchocolat.dreamhosters.com\/famille\/wp-content\/uploads\/2022\/11\/elephant-chocolat-emploi-domicile-600x600.jpg 600w, https:\/\/elephantchocolat.dreamhosters.com\/famille\/wp-content\/uploads\/2022\/11\/elephant-chocolat-emploi-domicile.jpg 800w\" data-sizes=\"auto\" data-orig-sizes=\"(max-width: 1024px) 100vw, (max-width: 900px) 100vw, 600px\" \/><\/a><\/span><\/div><\/div><\/div><style type=\"text\/css\">.fusion-body .fusion-builder-column-2{width:50% !important;margin-top : 0px;margin-bottom : 20px;}.fusion-builder-column-2 > .fusion-column-wrapper {padding-top : 0px !important;padding-right : 0px !important;margin-right : 17.28%;padding-bottom : 0px !important;padding-left : 0px !important;margin-left : 17.28%;}@media only screen and (max-width:1024px) {.fusion-body .fusion-builder-column-2{width:100% !important;order : 0;}.fusion-builder-column-2 > .fusion-column-wrapper {margin-right : 1.92%;margin-left : 1.92%;}}@media only screen and (max-width:900px) {.fusion-body .fusion-builder-column-2{width:100% !important;order : 0;}.fusion-builder-column-2 > .fusion-column-wrapper {margin-right : 1.92%;margin-left : 1.92%;}}<\/style><\/div><div class=\"fusion-layout-column fusion_builder_column fusion-builder-column-3 fusion_builder_column_1_2 1_2 fusion-flex-column\"><div class=\"fusion-column-wrapper fusion-flex-justify-content-flex-start fusion-content-layout-column\" style=\"background-position:left top;background-repeat:no-repeat;-webkit-background-size:cover;-moz-background-size:cover;-o-background-size:cover;background-size:cover;background-color:var(--awb-color1);padding: 0px 0px 0px 0px;\"><div class=\"fusion-text fusion-text-3\" style=\"text-align:center;font-family:-apple-system, BlinkMacSystemFont, &#039;Segoe UI&#039;, Roboto, Oxygen-Sans, Ubuntu, Cantarell, &#039;Helvetica Neue&#039; ,sans-serif;font-weight:400;margin-top:20px;\"><p style=\"text-align: center;\">EMPLOI <strong>EN CPE<\/strong><\/p>\n<\/div><div style=\"text-align:center;\"><style>.fusion-body .fusion-button.button-2{border-radius:2px 2px 2px 2px;}<\/style><a class=\"fusion-button button-flat fusion-button-default-size button-default button-2 fusion-button-default-span fusion-button-default-type\" target=\"_self\" href=\"https:\/\/elephantchocolat.com\/famille\/emploi-cpe\/\" style=\"margin-right:20px;margin-bottom:30px;margin-left:20px;\"><span class=\"fusion-button-text\">En savoir plus<\/span><\/a><\/div><div style=\"text-align:center;\"><div style=\"display:inline-block; max-width:100%;width:400px;\"><style>.fusion-imageframe.imageframe-2 img{aspect-ratio:1 \/ 1;}<\/style><span class=\" fusion-imageframe imageframe-none imageframe-2 hover-type-zoomin has-aspect-ratio\"><a class=\"fusion-no-lightbox\" href=\"https:\/\/elephantchocolat.com\/famille\/emploi-cpe\/\" target=\"_self\" aria-label=\"elephant-chocolat-educatrices-jeunes-enfants-emploi-cpe\"><img decoding=\"async\" width=\"800\" height=\"800\" src=\"https:\/\/elephantchocolat.dreamhosters.com\/famille\/wp-content\/uploads\/2022\/11\/elephant-chocolat-educatrices-jeunes-enfants-emploi-cpe.jpg\" data-orig-src=\"https:\/\/elephantchocolat.dreamhosters.com\/famille\/wp-content\/uploads\/2022\/11\/elephant-chocolat-educatrices-jeunes-enfants-emploi-cpe.jpg\" class=\"lazyload img-responsive wp-image-5516 img-with-aspect-ratio\" alt srcset=\"data:image\/svg+xml,%3Csvg%20xmlns%3D%27http%3A%2F%2Fwww.w3.org%2F2000%2Fsvg%27%20width%3D%27800%27%20height%3D%27800%27%20viewBox%3D%270%200%20800%20800%27%3E%3Crect%20width%3D%27800%27%20height%3D%27800%27%20fill-opacity%3D%220%22%2F%3E%3C%2Fsvg%3E\" data-srcset=\"https:\/\/elephantchocolat.dreamhosters.com\/famille\/wp-content\/uploads\/2022\/11\/elephant-chocolat-educatrices-jeunes-enfants-emploi-cpe-200x200.jpg 200w, https:\/\/elephantchocolat.dreamhosters.com\/famille\/wp-content\/uploads\/2022\/11\/elephant-chocolat-educatrices-jeunes-enfants-emploi-cpe-400x400.jpg 400w, https:\/\/elephantchocolat.dreamhosters.com\/famille\/wp-content\/uploads\/2022\/11\/elephant-chocolat-educatrices-jeunes-enfants-emploi-cpe-600x600.jpg 600w, https:\/\/elephantchocolat.dreamhosters.com\/famille\/wp-content\/uploads\/2022\/11\/elephant-chocolat-educatrices-jeunes-enfants-emploi-cpe.jpg 800w\" data-sizes=\"auto\" data-orig-sizes=\"(max-width: 1024px) 100vw, (max-width: 900px) 100vw, 600px\" \/><\/a><\/span><\/div><\/div><\/div><style type=\"text\/css\">.fusion-body .fusion-builder-column-3{width:50% !important;margin-top : 0px;margin-bottom : 20px;}.fusion-builder-column-3 > .fusion-column-wrapper {padding-top : 0px !important;padding-right : 0px !important;margin-right : 17.28%;padding-bottom : 0px !important;padding-left : 0px !important;margin-left : 17.28%;}@media only screen and (max-width:1024px) {.fusion-body .fusion-builder-column-3{width:100% !important;order : 0;}.fusion-builder-column-3 > .fusion-column-wrapper {margin-right : 1.92%;margin-left : 1.92%;}}@media only screen and (max-width:900px) {.fusion-body .fusion-builder-column-3{width:100% !important;order : 0;}.fusion-builder-column-3 > .fusion-column-wrapper {margin-right : 1.92%;margin-left : 1.92%;}}<\/style><\/div><\/div><style type=\"text\/css\">.fusion-body .fusion-flex-container.fusion-builder-row-3{ padding-top : 0px;margin-top : 0px;padding-right : 0px;padding-bottom : 0px;margin-bottom : 100px;padding-left : 0px;}<\/style><\/div><div class=\"fusion-fullwidth fullwidth-box fusion-builder-row-4 fusion-flex-container nonhundred-percent-fullwidth non-hundred-percent-height-scrolling\" style=\"background-color: rgba(255,255,255,0);background-position: center center;background-repeat: no-repeat;border-width: 0px 0px 0px 0px;border-color:#eae9e9;border-style:solid;\" ><div class=\"fusion-builder-row fusion-row fusion-flex-align-items-flex-start\" style=\"max-width:1216.8px;margin-left: calc(-4% \/ 2 );margin-right: calc(-4% \/ 2 );\"><div class=\"fusion-layout-column fusion_builder_column fusion-builder-column-4 fusion_builder_column_1_1 1_1 fusion-flex-column\"><div class=\"fusion-column-wrapper fusion-flex-justify-content-flex-start fusion-content-layout-column\" style=\"background-position:left top;background-repeat:no-repeat;-webkit-background-size:cover;-moz-background-size:cover;-o-background-size:cover;background-size:cover;padding: 0px 0px 0px 0px;\"><div class=\"fusion-separator fusion-full-width-sep\" style=\"align-self: center;margin-left: auto;margin-right: auto;width:100%;\"><div class=\"fusion-separator-border sep-single sep-solid\" style=\"border-color:var(--awb-color4);border-top-width:1px;\"><\/div><\/div><style type=\"text\/css\">@media only screen and (max-width:1024px) {.fusion-title.fusion-title-2{margin-top:0px!important; margin-right:!important;margin-bottom:30px!important;margin-left:!important;}}<\/style><div class=\"fusion-title title fusion-title-2 fusion-title-text fusion-title-size-two\" style=\"font-size:35px;margin-top:0px;margin-bottom:30px;\"><div class=\"title-sep-container title-sep-container-left fusion-no-large-visibility fusion-no-medium-visibility fusion-no-small-visibility\"><div class=\"title-sep sep-\" style=\"border-color:var(--awb-color3);\"><\/div><\/div><span class=\"awb-title-spacer fusion-no-large-visibility fusion-no-medium-visibility fusion-no-small-visibility\"><\/span><h2 class=\"title-heading-left fusion-responsive-typography-calculated\" style=\"margin:0;font-size:1em;text-transform:none;--fontSize:35;line-height:var(--awb-typography1-line-height);\">Recrutement<\/h2><span class=\"awb-title-spacer\"><\/span><div class=\"title-sep-container title-sep-container-right\"><div class=\"title-sep sep-\" style=\"border-color:var(--awb-color3);\"><\/div><\/div><\/div><div class=\"fusion-text fusion-text-4\"><p>Quand vient le temps de choisir des professionnels nous mettons le cap sur des intervenants qui ont tous de l\u2019exp\u00e9rience et une formation acad\u00e9mique dans le secteur de l\u2019\u00e9ducation \u00e0 la petite l\u2019enfance. Ainsi nous validons les pr\u00e9requis de base \u00e0 savoir :<\/p>\n<ul>\n<li>une formation en petite enfance ;<\/li>\n<li>les Premiers secours ;<\/li>\n<li>un casier judiciaire vierge ;<\/li>\n<li>une exp\u00e9rience valid\u00e9e et reconnue aupr\u00e8s du jeune enfant.<\/li>\n<\/ul>\n<p>Mais, savez-vous ce qui fait la diff\u00e9rence d\u2019un dossier \u00e0 l\u2019autre ? C\u2019est l\u2019engagement et le don de soi, ce feu sacr\u00e9 qui fait que l\u2019\u00e9ducatrice a choisi au d\u00e9part de travailler avec les tout-petits : par conviction ! Conviction qu\u2019un enfant bien accompagn\u00e9 comprendra \u00e0 son tour l\u2019importance de donner et transmettre demain. Nos \u00e9ducatrices de jeunes enfants comprennent qu\u2019elles font partie d\u2019un plan de soci\u00e9t\u00e9 et d\u00e9cident en pleine conscience d\u2019y prendre part. Pour certaines ce n\u2019est qu\u2019un travail, nous choisissons quant \u00e0 nous celles pour qui, il s\u2019agit d\u2019une mission \u00e9ducative d\u2019importance.<\/p>\n<\/div><style type=\"text\/css\">@media only screen and (max-width:1024px) {.fusion-title.fusion-title-3{margin-top:0px!important; margin-right:!important;margin-bottom:0px!important;margin-left:!important;}}<\/style><div class=\"fusion-title title fusion-title-3 fusion-title-text fusion-title-size-four\" style=\"margin-top:0px;margin-bottom:0px;\"><div class=\"title-sep-container title-sep-container-left fusion-no-large-visibility fusion-no-medium-visibility fusion-no-small-visibility\"><div class=\"title-sep sep-\" style=\"border-color:var(--awb-color3);\"><\/div><\/div><span class=\"awb-title-spacer fusion-no-large-visibility fusion-no-medium-visibility fusion-no-small-visibility\"><\/span><h4 class=\"title-heading-left fusion-responsive-typography-calculated\" style=\"margin:0;text-transform:none;color:var(--awb-color4);--fontSize:18;--minFontSize:18px;line-height:var(--awb-typography1-line-height);\">Vous partagez notre vision :<\/h4><span class=\"awb-title-spacer\"><\/span><div class=\"title-sep-container title-sep-container-right\"><div class=\"title-sep sep-\" style=\"border-color:var(--awb-color3);\"><\/div><\/div><\/div><div ><style>.fusion-body .fusion-button.button-3{border-radius:2px 2px 2px 2px;}<\/style><a class=\"fusion-button button-flat fusion-button-default-size button-default button-3 fusion-button-default-span fusion-button-default-type\" target=\"_self\" href=\"https:\/\/elephantchocolat.com\/famille\/postulez\/\" style=\"margin-top:6px;\"><span class=\"fusion-button-text\">POSTULEZ<\/span><\/a><\/div><div class=\"fusion-separator fusion-full-width-sep\" style=\"align-self: center;margin-left: auto;margin-right: auto;margin-top:40px;width:100%;\"><\/div><div class=\"fusion-text fusion-text-5\" style=\"font-size:15px;line-height:20px;color:var(--awb-color5);\"><div style=\"text-align: center;\">Permis Agence CNESST &#8211; Recrutement de Travailleurs \u00c9trangers Temporaires : AR-2202130<\/div>\n<div style=\"text-align: center;\">Permis Agence CNESST &#8211; Placement : AP-2000396<\/div>\n<\/div><\/div><style type=\"text\/css\">.fusion-body .fusion-builder-column-4{width:100% !important;margin-top : 0px;margin-bottom : 0px;}.fusion-builder-column-4 > .fusion-column-wrapper {padding-top : 0px !important;padding-right : 0px !important;margin-right : 1.92%;padding-bottom : 0px !important;padding-left : 0px !important;margin-left : 1.92%;}@media only screen and (max-width:1024px) {.fusion-body .fusion-builder-column-4{width:100% !important;}.fusion-builder-column-4 > .fusion-column-wrapper {margin-right : 1.92%;margin-left : 1.92%;}}@media only screen and (max-width:900px) {.fusion-body .fusion-builder-column-4{width:100% !important;}.fusion-builder-column-4 > .fusion-column-wrapper {margin-right : 1.92%;margin-left : 1.92%;}}<\/style><\/div><\/div><style type=\"text\/css\">.fusion-body .fusion-flex-container.fusion-builder-row-4{ padding-top : 0px;margin-top : 0px;padding-right : 0px;padding-bottom : 0px;margin-bottom : 0px;padding-left : 0px;}<\/style><\/div><\/p>\n","protected":false},"excerpt":{"rendered":"","protected":false},"author":2,"featured_media":5642,"parent":0,"menu_order":0,"comment_status":"closed","ping_status":"closed","template":"","meta":{"footnotes":""},"class_list":["post-5340","page","type-page","status-publish","has-post-thumbnail","hentry"],"_links":{"self":[{"href":"https:\/\/elephantchocolat.dreamhosters.com\/famille\/wp-json\/wp\/v2\/pages\/5340","targetHints":{"allow":["GET"]}}],"collection":[{"href":"https:\/\/elephantchocolat.dreamhosters.com\/famille\/wp-json\/wp\/v2\/pages"}],"about":[{"href":"https:\/\/elephantchocolat.dreamhosters.com\/famille\/wp-json\/wp\/v2\/types\/page"}],"author":[{"embeddable":true,"href":"https:\/\/elephantchocolat.dreamhosters.com\/famille\/wp-json\/wp\/v2\/users\/2"}],"replies":[{"embeddable":true,"href":"https:\/\/elephantchocolat.dreamhosters.com\/famille\/wp-json\/wp\/v2\/comments?post=5340"}],"version-history":[{"count":11,"href":"https:\/\/elephantchocolat.dreamhosters.com\/famille\/wp-json\/wp\/v2\/pages\/5340\/revisions"}],"predecessor-version":[{"id":5757,"href":"https:\/\/elephantchocolat.dreamhosters.com\/famille\/wp-json\/wp\/v2\/pages\/5340\/revisions\/5757"}],"wp:featuredmedia":[{"embeddable":true,"href":"https:\/\/elephantchocolat.dreamhosters.com\/famille\/wp-json\/wp\/v2\/media\/5642"}],"wp:attachment":[{"href":"https:\/\/elephantchocolat.dreamhosters.com\/famille\/wp-json\/wp\/v2\/media?parent=5340"}],"curies":[{"name":"wp","href":"https:\/\/api.w.org\/{rel}","templated":true}]}}